{"id":246,"date":"2022-07-19T08:05:14","date_gmt":"2022-07-19T08:05:14","guid":{"rendered":"https:\/\/dinamiaconsultores.com\/?page_id=246"},"modified":"2022-07-21T10:11:56","modified_gmt":"2022-07-21T10:11:56","slug":"gestion-redes-sociales","status":"publish","type":"page","link":"https:\/\/dinamiaconsultores.com\/?page_id=246","title":{"rendered":"GESTI\u00d3N DE REDES SOCIALES"},"content":{"rendered":"\t\t<div data-elementor-type=\"wp-page\" data-elementor-id=\"246\" class=\"elementor elementor-246\">\n\t\t\t\t\t\t<section class=\"elementor-section elementor-top-section elementor-element elementor-element-0be2b13 elementor-section-content-middle elementor-reverse-mobile elementor-section-boxed elementor-section-height-default elementor-section-height-default\" data-id=\"0be2b13\" data-element_type=\"section\" data-e-type=\"section\">\n\t\t\t\t\t\t<div class=\"elementor-container elementor-column-gap-no\">\n\t\t\t\t\t<div class=\"elementor-column elementor-col-50 elementor-top-column elementor-element elementor-element-c7da25c\" data-id=\"c7da25c\" data-element_type=\"column\" data-e-type=\"column\">\n\t\t\t<div class=\"elementor-widget-wrap elementor-element-populated\">\n\t\t\t\t\t\t<div class=\"elementor-element elementor-element-8a59848 elementor-widget elementor-widget-heading\" data-id=\"8a59848\" data-element_type=\"widget\" data-e-type=\"widget\" data-widget_type=\"heading.default\">\n\t\t\t\t<div class=\"elementor-widget-container\">\n\t\t\t\t\t<h4 class=\"elementor-heading-title elementor-size-default\">GESTI\u00d3N DE REDES SOCIALES<\/h4>\t\t\t\t<\/div>\n\t\t\t\t<\/div>\n\t\t\t\t<div class=\"elementor-element elementor-element-8ddc258 elementor-widget elementor-widget-text-editor\" data-id=\"8ddc258\" data-element_type=\"widget\" data-e-type=\"widget\" data-widget_type=\"text-editor.default\">\n\t\t\t\t<div class=\"elementor-widget-container\">\n\t\t\t\t\t\t\t\t\t<p>Empieza a mejorar la imagen y reputaci\u00f3n de tu marca en las plataformas online m\u00e1s utilizadas a diario.<\/p><p>Aumenta la ventaja competitiva frente a las empresas de tu sector y destaca tu negocio por encima de los dem\u00e1s.<\/p>\t\t\t\t\t\t\t\t<\/div>\n\t\t\t\t<\/div>\n\t\t\t\t<div class=\"elementor-element elementor-element-ae7ac95 elementor-widget elementor-widget-button\" data-id=\"ae7ac95\" data-element_type=\"widget\" data-e-type=\"widget\" data-widget_type=\"button.default\">\n\t\t\t\t<div class=\"elementor-widget-container\">\n\t\t\t\t\t\t\t\t\t<div class=\"elementor-button-wrapper\">\n\t\t\t\t\t<a class=\"elementor-button elementor-button-link elementor-size-sm\" href=\"https:\/\/dinamiaconsultores.com\/?page_id=433\">\n\t\t\t\t\t\t<span class=\"elementor-button-content-wrapper\">\n\t\t\t\t\t\t\t\t\t<span class=\"elementor-button-text\">contactar<\/span>\n\t\t\t\t\t<\/span>\n\t\t\t\t\t<\/a>\n\t\t\t\t<\/div>\n\t\t\t\t\t\t\t\t<\/div>\n\t\t\t\t<\/div>\n\t\t\t\t\t<\/div>\n\t\t<\/div>\n\t\t\t\t<div class=\"elementor-column elementor-col-50 elementor-top-column elementor-element elementor-element-9cf2677\" data-id=\"9cf2677\" data-element_type=\"column\" data-e-type=\"column\">\n\t\t\t<div class=\"elementor-widget-wrap elementor-element-populated\">\n\t\t\t\t\t\t<div class=\"elementor-element elementor-element-d1f719c elementor-widget elementor-widget-image\" data-id=\"d1f719c\" data-element_type=\"widget\" data-e-type=\"widget\" data-widget_type=\"image.default\">\n\t\t\t\t<div class=\"elementor-widget-container\">\n\t\t\t\t\t\t\t\t\t\t\t\t\t\t\t<img decoding=\"async\" src=\"https:\/\/dinamiaconsultores.com\/wp-content\/uploads\/elementor\/thumbs\/39-prxv8m6k5z18onzd7d8puhy0xen1d73t0dghl6y1hw.png\" title=\"39\" alt=\"39\" class=\"elementor-animation-grow\" loading=\"lazy\" \/>\t\t\t\t\t\t\t\t\t\t\t\t\t\t\t<\/div>\n\t\t\t\t<\/div>\n\t\t\t\t\t<\/div>\n\t\t<\/div>\n\t\t\t\t\t<\/div>\n\t\t<\/section>\n\t\t\t\t<section class=\"elementor-section elementor-top-section elementor-element elementor-element-26e1e965 elementor-section-content-middle elementor-section-boxed elementor-section-height-default elementor-section-height-default\" data-id=\"26e1e965\" data-element_type=\"section\" data-e-type=\"section\">\n\t\t\t\t\t\t<div class=\"elementor-container elementor-column-gap-no\">\n\t\t\t\t\t<div class=\"elementor-column elementor-col-100 elementor-top-column elementor-element elementor-element-102b8139\" data-id=\"102b8139\" data-element_type=\"column\" data-e-type=\"column\">\n\t\t\t<div class=\"elementor-widget-wrap elementor-element-populated\">\n\t\t\t\t\t\t<div class=\"elementor-element elementor-element-48c9704b elementor-widget elementor-widget-heading\" data-id=\"48c9704b\" data-element_type=\"widget\" data-e-type=\"widget\" data-widget_type=\"heading.default\">\n\t\t\t\t<div class=\"elementor-widget-container\">\n\t\t\t\t\t<h4 class=\"elementor-heading-title elementor-size-default\">NO BASTA CON COLGAR UN PAR DE FOTOS<\/h4>\t\t\t\t<\/div>\n\t\t\t\t<\/div>\n\t\t\t\t<div class=\"elementor-element elementor-element-2b60c143 elementor-widget elementor-widget-text-editor\" data-id=\"2b60c143\" data-element_type=\"widget\" data-e-type=\"widget\" data-widget_type=\"text-editor.default\">\n\t\t\t\t<div class=\"elementor-widget-container\">\n\t\t\t\t\t\t\t\t\t<p>Hoy en d\u00eda las Redes Sociales juegan un papel fundamental para tu proyecto, a dem\u00e1s de ser una parte esencial para crear nuestra imagen corporativa online, nos ayuda a mejorar los dem\u00e1s \u00e1mbitos a los que nos dedicamos como el <a href=\"https:\/\/dinamiaconsultores.com\/?page_id=149\">posicionamiento SEO<\/a>.<\/p><p>Nuestros Community Managers se encargan de crear una comunidad alrededor de la marca e imagen comercial para tener un p\u00fablico entregado y comprometido con el proyecto, que realmente est\u00e9 interesado y que puedan ser clientes potenciales casi en su totalidad.<\/p>\t\t\t\t\t\t\t\t<\/div>\n\t\t\t\t<\/div>\n\t\t\t\t<div class=\"elementor-element elementor-element-3b093cfa elementor-align-center elementor-widget elementor-widget-button\" data-id=\"3b093cfa\" data-element_type=\"widget\" data-e-type=\"widget\" data-widget_type=\"button.default\">\n\t\t\t\t<div class=\"elementor-widget-container\">\n\t\t\t\t\t\t\t\t\t<div class=\"elementor-button-wrapper\">\n\t\t\t\t\t<a class=\"elementor-button elementor-button-link elementor-size-sm\" href=\"https:\/\/dinamiaconsultores.com\/?page_id=433\">\n\t\t\t\t\t\t<span class=\"elementor-button-content-wrapper\">\n\t\t\t\t\t\t\t\t\t<span class=\"elementor-button-text\">contactar<\/span>\n\t\t\t\t\t<\/span>\n\t\t\t\t\t<\/a>\n\t\t\t\t<\/div>\n\t\t\t\t\t\t\t\t<\/div>\n\t\t\t\t<\/div>\n\t\t\t\t\t<\/div>\n\t\t<\/div>\n\t\t\t\t\t<\/div>\n\t\t<\/section>\n\t\t\t\t<section class=\"elementor-section elementor-top-section elementor-element elementor-element-53deb8b2 elementor-section-content-middle elementor-section-boxed elementor-section-height-default elementor-section-height-default\" data-id=\"53deb8b2\" data-element_type=\"section\" data-e-type=\"section\">\n\t\t\t\t\t\t<div class=\"elementor-container elementor-column-gap-no\">\n\t\t\t\t\t<div class=\"elementor-column elementor-col-100 elementor-top-column elementor-element elementor-element-156a6932\" data-id=\"156a6932\" data-element_type=\"column\" data-e-type=\"column\">\n\t\t\t<div class=\"elementor-widget-wrap elementor-element-populated\">\n\t\t\t\t\t\t<div class=\"elementor-element elementor-element-5619d5ca elementor-widget elementor-widget-heading\" data-id=\"5619d5ca\" data-element_type=\"widget\" data-e-type=\"widget\" data-widget_type=\"heading.default\">\n\t\t\t\t<div class=\"elementor-widget-container\">\n\t\t\t\t\t<h3 class=\"elementor-heading-title elementor-size-default\"><a href=\"https:\/\/dinamiaconsultores.com\/?page_id=433\">CRECE EN RRSS<\/a><\/h3>\t\t\t\t<\/div>\n\t\t\t\t<\/div>\n\t\t\t\t<div class=\"elementor-element elementor-element-539e059a elementor-widget elementor-widget-text-editor\" data-id=\"539e059a\" data-element_type=\"widget\" data-e-type=\"widget\" data-widget_type=\"text-editor.default\">\n\t\t\t\t<div class=\"elementor-widget-container\">\n\t\t\t\t\t\t\t\t\t<p>HASTA UN 40% DE TUS VENTAS PUEDEN PROCEDER DE P\u00daBLICO OBJETIVO DE REDES SOCIALES.<\/p>\t\t\t\t\t\t\t\t<\/div>\n\t\t\t\t<\/div>\n\t\t\t\t<div class=\"elementor-element elementor-element-70ae6eb9 elementor-widget elementor-widget-progress\" data-id=\"70ae6eb9\" data-element_type=\"widget\" data-e-type=\"widget\" data-widget_type=\"progress.default\">\n\t\t\t\t<div class=\"elementor-widget-container\">\n\t\t\t\t\t\n\t\t<div class=\"elementor-progress-wrapper\" role=\"progressbar\" aria-valuemin=\"0\" aria-valuemax=\"100\" aria-valuenow=\"40\">\n\t\t\t<div class=\"elementor-progress-bar\" data-max=\"40\">\n\t\t\t\t<span class=\"elementor-progress-text\"><\/span>\n\t\t\t\t\t\t\t\t\t<span class=\"elementor-progress-percentage\">40%<\/span>\n\t\t\t\t\t\t\t<\/div>\n\t\t<\/div>\n\t\t\t\t\t\t<\/div>\n\t\t\t\t<\/div>\n\t\t\t\t\t<\/div>\n\t\t<\/div>\n\t\t\t\t\t<\/div>\n\t\t<\/section>\n\t\t\t\t<section class=\"elementor-section elementor-top-section elementor-element elementor-element-143dea7 elementor-section-boxed elementor-section-height-default elementor-section-height-default\" data-id=\"143dea7\" data-element_type=\"section\" data-e-type=\"section\">\n\t\t\t\t\t\t<div class=\"elementor-container elementor-column-gap-default\">\n\t\t\t\t\t<div class=\"elementor-column elementor-col-100 elementor-top-column elementor-element elementor-element-60bfc71\" data-id=\"60bfc71\" data-element_type=\"column\" data-e-type=\"column\">\n\t\t\t<div class=\"elementor-widget-wrap elementor-element-populated\">\n\t\t\t\t\t\t<div class=\"elementor-element elementor-element-545e409 elementor-widget elementor-widget-shortcode\" data-id=\"545e409\" data-element_type=\"widget\" data-e-type=\"widget\" data-widget_type=\"shortcode.default\">\n\t\t\t\t<div class=\"elementor-widget-container\">\n\t\t\t\t\t\t\t<div class=\"elementor-shortcode\">[instagram-feed feed=1]<\/div>\n\t\t\t\t\t\t<\/div>\n\t\t\t\t<\/div>\n\t\t\t\t\t<\/div>\n\t\t<\/div>\n\t\t\t\t\t<\/div>\n\t\t<\/section>\n\t\t\t\t<\/div>\n\t\t","protected":false},"excerpt":{"rendered":"<p>GESTI\u00d3N DE REDES SOCIALES Empieza a mejorar la imagen y reputaci\u00f3n de tu marca en las plataformas online m\u00e1s utilizadas a diario. Aumenta la ventaja competitiva frente a las empresas de tu sector y destaca tu negocio por encima de los dem\u00e1s. contactar NO BASTA CON COLGAR UN PAR DE FOTOS Hoy en d\u00eda las [&hellip;]<\/p>\n","protected":false},"author":1,"featured_media":0,"parent":0,"menu_order":0,"comment_status":"closed","ping_status":"closed","template":"","meta":{"site-sidebar-layout":"no-sidebar","site-content-layout":"page-builder","ast-site-content-layout":"default","site-content-style":"default","site-sidebar-style":"default","ast-global-header-display":"","ast-banner-title-visibility":"","ast-main-header-display":"","ast-hfb-above-header-display":"","ast-hfb-below-header-display":"","ast-hfb-mobile-header-display":"","site-post-title":"disabled","ast-breadcrumbs-content":"","ast-featured-img":"disabled","footer-sml-layout":"","ast-disable-related-posts":"","theme-transparent-header-meta":"","adv-header-id-meta":"","stick-header-meta":"","header-above-stick-meta":"","header-main-stick-meta":"","header-below-stick-meta":"","astra-migrate-meta-layouts":"default","ast-page-background-enabled":"default","ast-page-background-meta":{"desktop":{"background-color":"var(--ast-global-color-4)","background-image":"","background-repeat":"repeat","background-position":"center center","background-size":"auto","background-attachment":"scroll","background-type":"","background-media":"","overlay-type":"","overlay-color":"","overlay-opacity":"","overlay-gradient":""},"tablet":{"background-color":"","background-image":"","background-repeat":"repeat","background-position":"center center","background-size":"auto","background-attachment":"scroll","background-type":"","background-media":"","overlay-type":"","overlay-color":"","overlay-opacity":"","overlay-gradient":""},"mobile":{"background-color":"","background-image":"","background-repeat":"repeat","background-position":"center center","background-size":"auto","background-attachment":"scroll","background-type":"","background-media":"","overlay-type":"","overlay-color":"","overlay-opacity":"","overlay-gradient":""}},"ast-content-background-meta":{"desktop":{"background-color":"var(--ast-global-color-5)","background-image":"","background-repeat":"repeat","background-position":"center center","background-size":"auto","background-attachment":"scroll","background-type":"","background-media":"","overlay-type":"","overlay-color":"","overlay-opacity":"","overlay-gradient":""},"tablet":{"background-color":"var(--ast-global-color-5)","background-image":"","background-repeat":"repeat","background-position":"center center","background-size":"auto","background-attachment":"scroll","background-type":"","background-media":"","overlay-type":"","overlay-color":"","overlay-opacity":"","overlay-gradient":""},"mobile":{"background-color":"var(--ast-global-color-5)","background-image":"","background-repeat":"repeat","background-position":"center center","background-size":"auto","background-attachment":"scroll","background-type":"","background-media":"","overlay-type":"","overlay-color":"","overlay-opacity":"","overlay-gradient":""}},"footnotes":""},"class_list":["post-246","page","type-page","status-publish","hentry"],"yoast_head":"<!-- This site is optimized with the Yoast SEO plugin v25.6 - https:\/\/yoast.com\/wordpress\/plugins\/seo\/ -->\n<title>GESTI\u00d3N DE REDES SOCIALES - Dinamia Consultores<\/title>\n<meta name=\"description\" content=\"Entre nuestros objetivos como consultor\u00eda se encuentra el querer que todos nuestros clientes tengan una imagen online optimizada en RR.SS.\" \/>\n<meta name=\"robots\" content=\"index, follow, max-snippet:-1, max-image-preview:large, max-video-preview:-1\" \/>\n<link rel=\"canonical\" href=\"https:\/\/dinamiaconsultores.com\/?page_id=246\" \/>\n<meta property=\"og:locale\" content=\"es_ES\" \/>\n<meta property=\"og:type\" content=\"article\" \/>\n<meta property=\"og:title\" content=\"GESTI\u00d3N DE REDES SOCIALES - Dinamia Consultores\" \/>\n<meta property=\"og:description\" content=\"Entre nuestros objetivos como consultor\u00eda se encuentra el querer que todos nuestros clientes tengan una imagen online optimizada en RR.SS.\" \/>\n<meta property=\"og:url\" content=\"https:\/\/dinamiaconsultores.com\/?page_id=246\" \/>\n<meta property=\"og:site_name\" content=\"Dinamia Consultores\" \/>\n<meta property=\"article:publisher\" content=\"https:\/\/www.facebook.com\/Dinamia-Consultores-101016366027505\" \/>\n<meta property=\"article:modified_time\" content=\"2022-07-21T10:11:56+00:00\" \/>\n<meta property=\"og:image\" content=\"https:\/\/dinamiaconsultores.com\/wp-content\/uploads\/elementor\/thumbs\/39-prxv8m6k5z18onzd7d8puhy0xen1d73t0dghl6y1hw.png\" \/>\n<meta name=\"twitter:card\" content=\"summary_large_image\" \/>\n<meta name=\"twitter:label1\" content=\"Tiempo de lectura\" \/>\n\t<meta name=\"twitter:data1\" content=\"2 minutos\" \/>\n<script type=\"application\/ld+json\" class=\"yoast-schema-graph\">{\"@context\":\"https:\/\/schema.org\",\"@graph\":[{\"@type\":\"WebPage\",\"@id\":\"https:\/\/dinamiaconsultores.com\/?page_id=246\",\"url\":\"https:\/\/dinamiaconsultores.com\/?page_id=246\",\"name\":\"GESTI\u00d3N DE REDES SOCIALES - Dinamia Consultores\",\"isPartOf\":{\"@id\":\"https:\/\/dinamiaconsultores.com\/#website\"},\"primaryImageOfPage\":{\"@id\":\"https:\/\/dinamiaconsultores.com\/?page_id=246#primaryimage\"},\"image\":{\"@id\":\"https:\/\/dinamiaconsultores.com\/?page_id=246#primaryimage\"},\"thumbnailUrl\":\"https:\/\/dinamiaconsultores.com\/wp-content\/uploads\/elementor\/thumbs\/39-prxv8m6k5z18onzd7d8puhy0xen1d73t0dghl6y1hw.png\",\"datePublished\":\"2022-07-19T08:05:14+00:00\",\"dateModified\":\"2022-07-21T10:11:56+00:00\",\"description\":\"Entre nuestros objetivos como consultor\u00eda se encuentra el querer que todos nuestros clientes tengan una imagen online optimizada en RR.SS.\",\"breadcrumb\":{\"@id\":\"https:\/\/dinamiaconsultores.com\/?page_id=246#breadcrumb\"},\"inLanguage\":\"es\",\"potentialAction\":[{\"@type\":\"ReadAction\",\"target\":[\"https:\/\/dinamiaconsultores.com\/?page_id=246\"]}]},{\"@type\":\"ImageObject\",\"inLanguage\":\"es\",\"@id\":\"https:\/\/dinamiaconsultores.com\/?page_id=246#primaryimage\",\"url\":\"https:\/\/dinamiaconsultores.com\/wp-content\/uploads\/elementor\/thumbs\/39-prxv8m6k5z18onzd7d8puhy0xen1d73t0dghl6y1hw.png\",\"contentUrl\":\"https:\/\/dinamiaconsultores.com\/wp-content\/uploads\/elementor\/thumbs\/39-prxv8m6k5z18onzd7d8puhy0xen1d73t0dghl6y1hw.png\"},{\"@type\":\"BreadcrumbList\",\"@id\":\"https:\/\/dinamiaconsultores.com\/?page_id=246#breadcrumb\",\"itemListElement\":[{\"@type\":\"ListItem\",\"position\":1,\"name\":\"Portada\",\"item\":\"https:\/\/dinamiaconsultores.com\/\"},{\"@type\":\"ListItem\",\"position\":2,\"name\":\"GESTI\u00d3N DE REDES SOCIALES\"}]},{\"@type\":\"WebSite\",\"@id\":\"https:\/\/dinamiaconsultores.com\/#website\",\"url\":\"https:\/\/dinamiaconsultores.com\/\",\"name\":\"Dinamia Consultores\",\"description\":\"Tu proyecto de 0 a 100\",\"publisher\":{\"@id\":\"https:\/\/dinamiaconsultores.com\/#organization\"},\"potentialAction\":[{\"@type\":\"SearchAction\",\"target\":{\"@type\":\"EntryPoint\",\"urlTemplate\":\"https:\/\/dinamiaconsultores.com\/?s={search_term_string}\"},\"query-input\":{\"@type\":\"PropertyValueSpecification\",\"valueRequired\":true,\"valueName\":\"search_term_string\"}}],\"inLanguage\":\"es\"},{\"@type\":\"Organization\",\"@id\":\"https:\/\/dinamiaconsultores.com\/#organization\",\"name\":\"Dinamia Consultores\",\"url\":\"https:\/\/dinamiaconsultores.com\/\",\"logo\":{\"@type\":\"ImageObject\",\"inLanguage\":\"es\",\"@id\":\"https:\/\/dinamiaconsultores.com\/#\/schema\/logo\/image\/\",\"url\":\"https:\/\/dinamiaconsultores.com\/wp-content\/uploads\/2022\/07\/cropped-cropped-1.png\",\"contentUrl\":\"https:\/\/dinamiaconsultores.com\/wp-content\/uploads\/2022\/07\/cropped-cropped-1.png\",\"width\":744,\"height\":248,\"caption\":\"Dinamia Consultores\"},\"image\":{\"@id\":\"https:\/\/dinamiaconsultores.com\/#\/schema\/logo\/image\/\"},\"sameAs\":[\"https:\/\/www.facebook.com\/Dinamia-Consultores-101016366027505\",\"https:\/\/www.instagram.com\/dinamiaconsultores\/\"]}]}<\/script>\n<!-- \/ Yoast SEO plugin. -->","yoast_head_json":{"title":"GESTI\u00d3N DE REDES SOCIALES - Dinamia Consultores","description":"Entre nuestros objetivos como consultor\u00eda se encuentra el querer que todos nuestros clientes tengan una imagen online optimizada en RR.SS.","robots":{"index":"index","follow":"follow","max-snippet":"max-snippet:-1","max-image-preview":"max-image-preview:large","max-video-preview":"max-video-preview:-1"},"canonical":"https:\/\/dinamiaconsultores.com\/?page_id=246","og_locale":"es_ES","og_type":"article","og_title":"GESTI\u00d3N DE REDES SOCIALES - Dinamia Consultores","og_description":"Entre nuestros objetivos como consultor\u00eda se encuentra el querer que todos nuestros clientes tengan una imagen online optimizada en RR.SS.","og_url":"https:\/\/dinamiaconsultores.com\/?page_id=246","og_site_name":"Dinamia Consultores","article_publisher":"https:\/\/www.facebook.com\/Dinamia-Consultores-101016366027505","article_modified_time":"2022-07-21T10:11:56+00:00","og_image":[{"url":"https:\/\/dinamiaconsultores.com\/wp-content\/uploads\/elementor\/thumbs\/39-prxv8m6k5z18onzd7d8puhy0xen1d73t0dghl6y1hw.png","type":"","width":"","height":""}],"twitter_card":"summary_large_image","twitter_misc":{"Tiempo de lectura":"2 minutos"},"schema":{"@context":"https:\/\/schema.org","@graph":[{"@type":"WebPage","@id":"https:\/\/dinamiaconsultores.com\/?page_id=246","url":"https:\/\/dinamiaconsultores.com\/?page_id=246","name":"GESTI\u00d3N DE REDES SOCIALES - Dinamia Consultores","isPartOf":{"@id":"https:\/\/dinamiaconsultores.com\/#website"},"primaryImageOfPage":{"@id":"https:\/\/dinamiaconsultores.com\/?page_id=246#primaryimage"},"image":{"@id":"https:\/\/dinamiaconsultores.com\/?page_id=246#primaryimage"},"thumbnailUrl":"https:\/\/dinamiaconsultores.com\/wp-content\/uploads\/elementor\/thumbs\/39-prxv8m6k5z18onzd7d8puhy0xen1d73t0dghl6y1hw.png","datePublished":"2022-07-19T08:05:14+00:00","dateModified":"2022-07-21T10:11:56+00:00","description":"Entre nuestros objetivos como consultor\u00eda se encuentra el querer que todos nuestros clientes tengan una imagen online optimizada en RR.SS.","breadcrumb":{"@id":"https:\/\/dinamiaconsultores.com\/?page_id=246#breadcrumb"},"inLanguage":"es","potentialAction":[{"@type":"ReadAction","target":["https:\/\/dinamiaconsultores.com\/?page_id=246"]}]},{"@type":"ImageObject","inLanguage":"es","@id":"https:\/\/dinamiaconsultores.com\/?page_id=246#primaryimage","url":"https:\/\/dinamiaconsultores.com\/wp-content\/uploads\/elementor\/thumbs\/39-prxv8m6k5z18onzd7d8puhy0xen1d73t0dghl6y1hw.png","contentUrl":"https:\/\/dinamiaconsultores.com\/wp-content\/uploads\/elementor\/thumbs\/39-prxv8m6k5z18onzd7d8puhy0xen1d73t0dghl6y1hw.png"},{"@type":"BreadcrumbList","@id":"https:\/\/dinamiaconsultores.com\/?page_id=246#breadcrumb","itemListElement":[{"@type":"ListItem","position":1,"name":"Portada","item":"https:\/\/dinamiaconsultores.com\/"},{"@type":"ListItem","position":2,"name":"GESTI\u00d3N DE REDES SOCIALES"}]},{"@type":"WebSite","@id":"https:\/\/dinamiaconsultores.com\/#website","url":"https:\/\/dinamiaconsultores.com\/","name":"Dinamia Consultores","description":"Tu proyecto de 0 a 100","publisher":{"@id":"https:\/\/dinamiaconsultores.com\/#organization"},"potentialAction":[{"@type":"SearchAction","target":{"@type":"EntryPoint","urlTemplate":"https:\/\/dinamiaconsultores.com\/?s={search_term_string}"},"query-input":{"@type":"PropertyValueSpecification","valueRequired":true,"valueName":"search_term_string"}}],"inLanguage":"es"},{"@type":"Organization","@id":"https:\/\/dinamiaconsultores.com\/#organization","name":"Dinamia Consultores","url":"https:\/\/dinamiaconsultores.com\/","logo":{"@type":"ImageObject","inLanguage":"es","@id":"https:\/\/dinamiaconsultores.com\/#\/schema\/logo\/image\/","url":"https:\/\/dinamiaconsultores.com\/wp-content\/uploads\/2022\/07\/cropped-cropped-1.png","contentUrl":"https:\/\/dinamiaconsultores.com\/wp-content\/uploads\/2022\/07\/cropped-cropped-1.png","width":744,"height":248,"caption":"Dinamia Consultores"},"image":{"@id":"https:\/\/dinamiaconsultores.com\/#\/schema\/logo\/image\/"},"sameAs":["https:\/\/www.facebook.com\/Dinamia-Consultores-101016366027505","https:\/\/www.instagram.com\/dinamiaconsultores\/"]}]}},"_links":{"self":[{"href":"https:\/\/dinamiaconsultores.com\/index.php?rest_route=\/wp\/v2\/pages\/246"}],"collection":[{"href":"https:\/\/dinamiaconsultores.com\/index.php?rest_route=\/wp\/v2\/pages"}],"about":[{"href":"https:\/\/dinamiaconsultores.com\/index.php?rest_route=\/wp\/v2\/types\/page"}],"author":[{"embeddable":true,"href":"https:\/\/dinamiaconsultores.com\/index.php?rest_route=\/wp\/v2\/users\/1"}],"replies":[{"embeddable":true,"href":"https:\/\/dinamiaconsultores.com\/index.php?rest_route=%2Fwp%2Fv2%2Fcomments&post=246"}],"version-history":[{"count":34,"href":"https:\/\/dinamiaconsultores.com\/index.php?rest_route=\/wp\/v2\/pages\/246\/revisions"}],"predecessor-version":[{"id":505,"href":"https:\/\/dinamiaconsultores.com\/index.php?rest_route=\/wp\/v2\/pages\/246\/revisions\/505"}],"wp:attachment":[{"href":"https:\/\/dinamiaconsultores.com\/index.php?rest_route=%2Fwp%2Fv2%2Fmedia&parent=246"}],"curies":[{"name":"wp","href":"https:\/\/api.w.org\/{rel}","templated":true}]}}